{"id":48,"date":"2024-03-25T17:52:04","date_gmt":"2024-03-25T16:52:04","guid":{"rendered":"https:\/\/limousin-nacelle-service.fr\/?page_id=48"},"modified":"2024-04-05T15:19:15","modified_gmt":"2024-04-05T13:19:15","slug":"services","status":"publish","type":"page","link":"https:\/\/limousin-nacelle-service.fr\/index.php\/services\/","title":{"rendered":"Services"},"content":{"rendered":"\t\t<div data-elementor-type=\"wp-page\" data-elementor-id=\"48\" class=\"elementor elementor-48\">\n\t\t\t\t<div class=\"elementor-element elementor-element-e14e0c5 e-flex e-con-boxed e-con e-parent\" data-id=\"e14e0c5\" data-element_type=\"container\" data-core-v316-plus=\"true\">\n\t\t\t\t\t<div class=\"e-con-inner\">\n\t\t\t\t<div class=\"elementor-element elementor-element-3734d4ae elementor-widget elementor-widget-text-editor\" data-id=\"3734d4ae\" data-element_type=\"widget\" data-widget_type=\"text-editor.default\">\n\t\t\t\t<div class=\"elementor-widget-container\">\n\t\t\t<style>\/*! elementor - v3.20.0 - 26-03-2024 *\/\n.elementor-widget-text-editor.elementor-drop-cap-view-stacked .elementor-drop-cap{background-color:#69727d;color:#fff}.elementor-widget-text-editor.elementor-drop-cap-view-framed .elementor-drop-cap{color:#69727d;border:3px solid;background-color:transparent}.elementor-widget-text-editor:not(.elementor-drop-cap-view-default) .elementor-drop-cap{margin-top:8px}.elementor-widget-text-editor:not(.elementor-drop-cap-view-default) .elementor-drop-cap-letter{width:1em;height:1em}.elementor-widget-text-editor .elementor-drop-cap{float:left;text-align:center;line-height:1;font-size:50px}.elementor-widget-text-editor .elementor-drop-cap-letter{display:inline-block}<\/style>\t\t\t\t<!-- wp:paragraph -->\n<p>Bas\u00e9e en Haute-Vienne et \u00e0 proximit\u00e9 de la Creuse et de la Corr\u00e8ze, la soci\u00e9t\u00e9 LNS vous propose ses services pour tout travail en hauteur avec camion nacelle livr\u00e9 directement sur votre site d&#8217;intervention, jusqu&#8217;\u00e0 20 m\u00e8tres de hauteur et jusqu&#8217;\u00e0 10 m\u00e8tres de d\u00e9port :<\/p>\n<!-- \/wp:paragraph --><!-- wp:paragraph -->\n<p>&#8211; <strong>Rapidit\u00e9 et efficacit\u00e9\u00a0<\/strong>: Le camion nacelle vous est livr\u00e9 avec chauffeur-op\u00e9rateur titulaire du CACES R486, vous n\u2019avez pas \u00e0 vous d\u00e9placer pour le r\u00e9cup\u00e9rer et le rapatrier ni \u00e0 pr\u00e9voir avec vous une deuxi\u00e8me personne \u2013 obligatoire &#8211; pour votre intervention.<\/p>\n<!-- \/wp:paragraph --><!-- wp:paragraph -->\n<p>&#8211; <strong>S\u00e9curit\u00e9<\/strong>\u00a0: Les v\u00e9rifications d\u2019usage de la machine et l&#8217;inspection de l&#8217;environnement de travail sont effectu\u00e9es en vue de la bonne stabilit\u00e9 de la machine &#8211; respect des limites poids, vitesse vent et de la protection des personnes autour du chantier &#8211; balisage zone de travail.<\/p>\n<!-- \/wp:paragraph --><!-- wp:paragraph -->\n<p>&#8211; <strong>Respect de la l\u00e9gislation<\/strong>\u00a0: Fourniture des EPI obligatoires &#8211; harnais de s\u00e9curit\u00e9 et casque de chantier &#8211; et assistance pendant l&#8217;op\u00e9ration. Balisage et signal\u00e9tique sur voie publique.<\/p>\n<!-- \/wp:paragraph --><!-- wp:paragraph -->\n<p>&#8211; <strong>Co\u00fbt mesur\u00e9<\/strong>\u00a0: Intervention \u00e0 l\u2019heure *, pas seulement \u00e0 la demi-journ\u00e9e.<\/p>\n<!-- \/wp:paragraph --><!-- wp:image {\"align\":\"center\",\"id\":63,\"width\":\"1028px\",\"height\":\"auto\",\"sizeSlug\":\"large\",\"linkDestination\":\"none\"} -->\n<figure class=\"wp-block-image aligncenter size-large is-resized\"><\/figure>\n<!-- \/wp:image -->\t\t\t\t\t\t<\/div>\n\t\t\t\t<\/div>\n\t\t\t\t\t<\/div>\n\t\t\t\t<\/div>\n\t\t<div class=\"elementor-element elementor-element-87611e3 e-grid e-con-boxed e-con e-parent\" data-id=\"87611e3\" data-element_type=\"container\" data-core-v316-plus=\"true\">\n\t\t\t\t\t<div class=\"e-con-inner\">\n\t\t\t\t<div class=\"elementor-element elementor-element-9a4e106 elementor-widget elementor-widget-heading\" data-id=\"9a4e106\" data-element_type=\"widget\" data-widget_type=\"heading.default\">\n\t\t\t\t<div class=\"elementor-widget-container\">\n\t\t\t<style>\/*! elementor - v3.20.0 - 26-03-2024 *\/\n.elementor-heading-title{padding:0;margin:0;line-height:1}.elementor-widget-heading .elementor-heading-title[class*=elementor-size-]>a{color:inherit;font-size:inherit;line-height:inherit}.elementor-widget-heading .elementor-heading-title.elementor-size-small{font-size:15px}.elementor-widget-heading .elementor-heading-title.elementor-size-medium{font-size:19px}.elementor-widget-heading .elementor-heading-title.elementor-size-large{font-size:29px}.elementor-widget-heading .elementor-heading-title.elementor-size-xl{font-size:39px}.elementor-widget-heading .elementor-heading-title.elementor-size-xxl{font-size:59px}<\/style><h1 class=\"elementor-heading-title elementor-size-default\">Rapidit\u00e9 et efficacit\u00e9<\/h1>\t\t<\/div>\n\t\t\t\t<\/div>\n\t\t\t\t<div class=\"elementor-element elementor-element-b5b2c02 elementor-widget elementor-widget-heading\" data-id=\"b5b2c02\" data-element_type=\"widget\" data-widget_type=\"heading.default\">\n\t\t\t\t<div class=\"elementor-widget-container\">\n\t\t\t<h1 class=\"elementor-heading-title elementor-size-default\">S\u00e9curit\u00e9<\/h1>\t\t<\/div>\n\t\t\t\t<\/div>\n\t\t\t\t<div class=\"elementor-element elementor-element-f48ab9f elementor-widget elementor-widget-heading\" data-id=\"f48ab9f\" data-element_type=\"widget\" data-widget_type=\"heading.default\">\n\t\t\t\t<div class=\"elementor-widget-container\">\n\t\t\t<h1 class=\"elementor-heading-title elementor-size-default\">Couts mesur\u00e9s<\/h1>\t\t<\/div>\n\t\t\t\t<\/div>\n\t\t\t\t<div class=\"elementor-element elementor-element-d7b82e6 elementor-widget elementor-widget-text-editor\" data-id=\"d7b82e6\" data-element_type=\"widget\" data-widget_type=\"text-editor.default\">\n\t\t\t\t<div class=\"elementor-widget-container\">\n\t\t\t\t\t\t\t<p>Lorem ipsum dolor sit amet, consectetur adipiscing elit. Ut elit tellus, luctus nec ullamcorper mattis, pulvinar dapibus leo.<\/p>\t\t\t\t\t\t<\/div>\n\t\t\t\t<\/div>\n\t\t\t\t<div class=\"elementor-element elementor-element-fce2123 elementor-widget elementor-widget-text-editor\" data-id=\"fce2123\" data-element_type=\"widget\" data-widget_type=\"text-editor.default\">\n\t\t\t\t<div class=\"elementor-widget-container\">\n\t\t\t\t\t\t\t<p>Lorem ipsum dolor sit amet, consectetur adipiscing elit. Ut elit tellus, luctus nec ullamcorper mattis, pulvinar dapibus leo.<\/p>\t\t\t\t\t\t<\/div>\n\t\t\t\t<\/div>\n\t\t\t\t<div class=\"elementor-element elementor-element-a69c4e3 elementor-widget elementor-widget-text-editor\" data-id=\"a69c4e3\" data-element_type=\"widget\" data-widget_type=\"text-editor.default\">\n\t\t\t\t<div class=\"elementor-widget-container\">\n\t\t\t\t\t\t\t<p>Lorem ipsum dolor sit amet, consectetur adipiscing elit. Ut elit tellus, luctus nec ullamcorper mattis, pulvinar dapibus leo.<\/p>\t\t\t\t\t\t<\/div>\n\t\t\t\t<\/div>\n\t\t\t\t\t<\/div>\n\t\t\t\t<\/div>\n\t\t\t\t<\/div>\n\t\t","protected":false},"excerpt":{"rendered":"<p>Bas\u00e9e en Haute-Vienne et \u00e0 proximit\u00e9 de la Creuse et de la Corr\u00e8ze, la soci\u00e9t\u00e9 LNS vous propose ses services pour tout travail en hauteur avec camion nacelle livr\u00e9 directement sur votre site d&#8217;intervention, jusqu&#8217;\u00e0 20 m\u00e8tres de hauteur et jusqu&#8217;\u00e0 10 m\u00e8tres de d\u00e9port : &#8211; Rapidit\u00e9 et efficacit\u00e9\u00a0: Le camion nacelle vous est&hellip;&nbsp;<a href=\"https:\/\/limousin-nacelle-service.fr\/index.php\/services\/\" class=\"\" rel=\"bookmark\">Read More &raquo;<span class=\"screen-reader-text\">Services<\/span><\/a><\/p>\n","protected":false},"author":1,"featured_media":0,"parent":0,"menu_order":0,"comment_status":"closed","ping_status":"closed","template":"","meta":{"_monsterinsights_skip_tracking":false,"_monsterinsights_sitenote_active":false,"_monsterinsights_sitenote_note":"","_monsterinsights_sitenote_category":0,"neve_meta_sidebar":"","neve_meta_container":"","neve_meta_enable_content_width":"","neve_meta_content_width":0,"neve_meta_title_alignment":"","neve_meta_author_avatar":"","neve_post_elements_order":"","neve_meta_disable_header":"","neve_meta_disable_footer":"","neve_meta_disable_title":"","_ti_tpc_template_sync":false,"_ti_tpc_template_id":"","footnotes":""},"_links":{"self":[{"href":"https:\/\/limousin-nacelle-service.fr\/index.php\/wp-json\/wp\/v2\/pages\/48"}],"collection":[{"href":"https:\/\/limousin-nacelle-service.fr\/index.php\/wp-json\/wp\/v2\/pages"}],"about":[{"href":"https:\/\/limousin-nacelle-service.fr\/index.php\/wp-json\/wp\/v2\/types\/page"}],"author":[{"embeddable":true,"href":"https:\/\/limousin-nacelle-service.fr\/index.php\/wp-json\/wp\/v2\/users\/1"}],"replies":[{"embeddable":true,"href":"https:\/\/limousin-nacelle-service.fr\/index.php\/wp-json\/wp\/v2\/comments?post=48"}],"version-history":[{"count":14,"href":"https:\/\/limousin-nacelle-service.fr\/index.php\/wp-json\/wp\/v2\/pages\/48\/revisions"}],"predecessor-version":[{"id":182,"href":"https:\/\/limousin-nacelle-service.fr\/index.php\/wp-json\/wp\/v2\/pages\/48\/revisions\/182"}],"wp:attachment":[{"href":"https:\/\/limousin-nacelle-service.fr\/index.php\/wp-json\/wp\/v2\/media?parent=48"}],"curies":[{"name":"wp","href":"https:\/\/api.w.org\/{rel}","templated":true}]}}